{"id":4354,"date":"2026-04-28T21:04:28","date_gmt":"2026-04-29T00:04:28","guid":{"rendered":"https:\/\/des-for.infd.edu.ar\/sitio\/?page_id=4354"},"modified":"2026-04-28T21:05:05","modified_gmt":"2026-04-29T00:05:05","slug":"datos-de-institutos","status":"publish","type":"page","link":"https:\/\/des-for.infd.edu.ar\/sitio\/datos-de-institutos\/","title":{"rendered":"DATOS DE INSTITUTOS"},"content":{"rendered":"\n<figure class=\"wp-block-table\"><table class=\"has-base-3-color has-accent-background-color has-text-color has-background\"><tbody><tr><td class=\"has-text-align-center\" data-align=\"center\"><strong>Orden N\u00ba<\/strong><\/td><td class=\"has-text-align-center\" data-align=\"center\"><strong>Cue<\/strong><\/td><td class=\"has-text-align-center\" data-align=\"center\"><strong>C\u00f3digo Postal<\/strong><\/td><td class=\"has-text-align-center\" data-align=\"center\"><strong>Dpto.<\/strong><\/td><td class=\"has-text-align-center\" data-align=\"center\"><strong>Instituci\u00f3n<\/strong><\/td><\/tr><tr><td class=\"has-text-align-center\" data-align=\"center\"><strong>1<\/strong><\/td><td class=\"has-text-align-center\" data-align=\"center\"><strong>340051000<\/strong><\/td><td class=\"has-text-align-center\" data-align=\"center\"><strong><em>3600<\/em><\/strong><\/td><td class=\"has-text-align-center\" data-align=\"center\"><strong><em>Formosa<\/em><\/strong><\/td><td class=\"has-text-align-center\" data-align=\"center\"><strong>ISA.&nbsp;&nbsp; \u201cOscar Alberto&nbsp; Albertazzi\u201d<\/strong><\/td><\/tr><tr><td class=\"has-text-align-center\" data-align=\"center\"><strong>2<\/strong><\/td><td class=\"has-text-align-center\" data-align=\"center\"><strong>340059000<\/strong><\/td><td class=\"has-text-align-center\" data-align=\"center\"><strong><em>3600<\/em><\/strong><\/td><td class=\"has-text-align-center\" data-align=\"center\"><strong><em>Formosa<\/em><\/strong><\/td><td class=\"has-text-align-center\" data-align=\"center\"><strong>Educaci\u00f3n F\u00edsica<\/strong><\/td><\/tr><tr><td class=\"has-text-align-center\" data-align=\"center\"><strong>3<\/strong><\/td><td class=\"has-text-align-center\" data-align=\"center\"><strong>340043700<\/strong><\/td><td class=\"has-text-align-center\" data-align=\"center\"><strong><em>3600<\/em><\/strong><\/td><td class=\"has-text-align-center\" data-align=\"center\"><strong><em>Formosa<\/em><\/strong><\/td><td class=\"has-text-align-center\" data-align=\"center\"><strong>Nivel&nbsp; Inicial<\/strong><\/td><\/tr><tr><td class=\"has-text-align-center\" data-align=\"center\"><strong>4<\/strong><\/td><td class=\"has-text-align-center\" data-align=\"center\"><strong>340054700<\/strong><\/td><td class=\"has-text-align-center\" data-align=\"center\"><strong><em>3600<\/em><\/strong><\/td><td class=\"has-text-align-center\" data-align=\"center\"><strong><em>Formosa<\/em><\/strong><\/td><td class=\"has-text-align-center\" data-align=\"center\"><strong>ISFD.&nbsp; \u201cF\u00e9lix Atilio Cabrera\u201d<\/strong><\/td><\/tr><tr><td class=\"has-text-align-center\" data-align=\"center\"><strong>5<\/strong><\/td><td class=\"has-text-align-center\" data-align=\"center\"><strong>340058700<\/strong><\/td><td class=\"has-text-align-center\" data-align=\"center\"><strong><em>3600<\/em><\/strong><\/td><td class=\"has-text-align-center\" data-align=\"center\"><strong><em>Formosa<\/em><\/strong><\/td><td class=\"has-text-align-center\" data-align=\"center\"><strong>ISPAF.<\/strong><\/td><\/tr><tr><td class=\"has-text-align-center\" data-align=\"center\"><strong>6<\/strong><\/td><td class=\"has-text-align-center\" data-align=\"center\"><strong>340049900<\/strong><\/td><td class=\"has-text-align-center\" data-align=\"center\"><strong><em>3600<\/em><\/strong><\/td><td class=\"has-text-align-center\" data-align=\"center\"><strong><em>Formosa<\/em><\/strong><\/td><td class=\"has-text-align-center\" data-align=\"center\"><strong>Escuela&nbsp;&nbsp; Normal&nbsp; Superior&nbsp; \u201cRca. del&nbsp; Paraguay\u201d<\/strong><\/td><\/tr><tr><td class=\"has-text-align-center\" data-align=\"center\"><strong>7<\/strong><\/td><td class=\"has-text-align-center\" data-align=\"center\"><strong>340111600<\/strong><\/td><td class=\"has-text-align-center\" data-align=\"center\"><strong><em>3600<\/em><\/strong><\/td><td class=\"has-text-align-center\" data-align=\"center\"><strong><em>Formosa<\/em><\/strong><\/td><td class=\"has-text-align-center\" data-align=\"center\"><strong>Instituto Superior de Formaci\u00f3n&nbsp; Policial<\/strong><\/td><\/tr><tr><td class=\"has-text-align-center\" data-align=\"center\"><strong>8<\/strong><\/td><td class=\"has-text-align-center\" data-align=\"center\"><strong>340022000<\/strong><\/td><td class=\"has-text-align-center\" data-align=\"center\"><strong><em>3621<\/em><\/strong><\/td><td class=\"has-text-align-center\" data-align=\"center\"><strong><em>Pati\u00f1o<\/em><\/strong><\/td><td class=\"has-text-align-center\" data-align=\"center\"><strong>San Mart\u00edn II&nbsp;&nbsp; \u201cMaestro Laureano G\u00f3mez\u201d<\/strong><\/td><\/tr><tr><td class=\"has-text-align-center\" data-align=\"center\"><strong>9<\/strong><\/td><td class=\"has-text-align-center\" data-align=\"center\"><strong>340041000<\/strong><\/td><td class=\"has-text-align-center\" data-align=\"center\"><strong><em>3624<\/em><\/strong><\/td><td class=\"has-text-align-center\" data-align=\"center\"><strong><em>Pati\u00f1o<\/em><\/strong><\/td><td class=\"has-text-align-center\" data-align=\"center\"><strong>Ibarreta<\/strong><\/td><\/tr><tr><td class=\"has-text-align-center\" data-align=\"center\"><strong>10<\/strong><\/td><td class=\"has-text-align-center\" data-align=\"center\"><strong>340017100<\/strong><\/td><td class=\"has-text-align-center\" data-align=\"center\"><strong><em>3621<\/em><\/strong><\/td><td class=\"has-text-align-center\" data-align=\"center\"><strong><em>Pati\u00f1o<\/em><\/strong><\/td><td class=\"has-text-align-center\" data-align=\"center\"><strong>Gral. &nbsp;G\u00fcemes&nbsp;&nbsp; \u201cMaestra&nbsp; Elba Gonz\u00e1lez\u201d<\/strong><\/td><\/tr><tr><td class=\"has-text-align-center\" data-align=\"center\"><strong>11<\/strong><\/td><td class=\"has-text-align-center\" data-align=\"center\"><strong>340062200<\/strong><\/td><td class=\"has-text-align-center\" data-align=\"center\"><strong><em>3626<\/em><\/strong><\/td><td class=\"has-text-align-center\" data-align=\"center\"><strong><em>Pati\u00f1o<\/em><\/strong><\/td><td class=\"has-text-align-center\" data-align=\"center\"><strong>Estanislao del Campo&nbsp; \u201cM\u00e1xima B. de Navarrete\u201d<\/strong><\/td><\/tr><tr><td class=\"has-text-align-center\" data-align=\"center\" rowspan=\"2\"><strong>&nbsp;<\/strong> <strong>12<\/strong><\/td><td class=\"has-text-align-center\" data-align=\"center\"><strong>340077600<\/strong><strong><\/strong><\/td><td class=\"has-text-align-center\" data-align=\"center\"><strong><em>3620<\/em><\/strong><\/td><td class=\"has-text-align-center\" data-align=\"center\"><strong><em>Pati\u00f1o<\/em><\/strong><\/td><td class=\"has-text-align-center\" data-align=\"center\"><strong>Cmte.&nbsp; Fontana<\/strong><strong><\/strong><\/td><\/tr><tr><td class=\"has-text-align-center\" data-align=\"center\"><strong>340077601<\/strong><strong><\/strong><\/td><td class=\"has-text-align-center\" data-align=\"center\"><strong><em>3608<\/em><\/strong><\/td><td class=\"has-text-align-center\" data-align=\"center\"><strong><em>Piran\u00e8<\/em><\/strong><\/td><td class=\"has-text-align-center\" data-align=\"center\"><strong>Extensi\u00f3n&nbsp; \u00c1ulica &nbsp;&nbsp;Palo&nbsp; Santo<\/strong><strong><\/strong><\/td><\/tr><tr><td class=\"has-text-align-center\" data-align=\"center\" rowspan=\"2\"><strong>&nbsp;<\/strong> <strong>13<\/strong><\/td><td class=\"has-text-align-center\" data-align=\"center\"><strong>340016700<\/strong><strong><\/strong><\/td><td class=\"has-text-align-center\" data-align=\"center\"><strong><em>3615<\/em><\/strong><\/td><td class=\"has-text-align-center\" data-align=\"center\"><strong><em>Pati\u00f1o<\/em><\/strong><\/td><td class=\"has-text-align-center\" data-align=\"center\"><strong>Gral.&nbsp; Belgrano<\/strong><strong><\/strong><\/td><\/tr><tr><td class=\"has-text-align-center\" data-align=\"center\"><strong>\u2026\u2026\u2026\u2026.<\/strong><strong><\/strong><\/td><td class=\"has-text-align-center\" data-align=\"center\"><strong><em>&nbsp;<\/em><\/strong><\/td><td class=\"has-text-align-center\" data-align=\"center\"><strong><em>Pilaga<\/em><\/strong><\/td><td class=\"has-text-align-center\" data-align=\"center\"><strong>Extension&nbsp; Aulica&nbsp; Misi\u00f3n&nbsp; Tacaagle<\/strong><strong><\/strong><\/td><\/tr><tr><td class=\"has-text-align-center\" data-align=\"center\" rowspan=\"2\"><strong>&nbsp;<\/strong> <strong>14<\/strong><\/td><td class=\"has-text-align-center\" data-align=\"center\"><strong>340060800<\/strong><strong><\/strong><\/td><td class=\"has-text-align-center\" data-align=\"center\"><strong><em>3630<\/em><\/strong><\/td><td class=\"has-text-align-center\" data-align=\"center\"><strong><em>Pati\u00f1o<\/em><\/strong><\/td><td class=\"has-text-align-center\" data-align=\"center\"><strong>Las Lomitas&nbsp; \u201cBrig. Gral. Juan Facundo Quiroga\u201d<\/strong><strong><\/strong><\/td><\/tr><tr><td class=\"has-text-align-center\" data-align=\"center\"><strong>340060801<\/strong><strong><\/strong><\/td><td class=\"has-text-align-center\" data-align=\"center\"><strong><em>3634<\/em><\/strong><\/td><td class=\"has-text-align-center\" data-align=\"center\"><strong><em>Bermejo<\/em><\/strong><\/td><td class=\"has-text-align-center\" data-align=\"center\"><strong>Extensi\u00f3n&nbsp; \u00c1ulica&nbsp; Laguna&nbsp; Yema<\/strong><strong><\/strong><\/td><\/tr><tr><td class=\"has-text-align-center\" data-align=\"center\"><strong>15<\/strong><\/td><td class=\"has-text-align-center\" data-align=\"center\"><strong>340057900<\/strong><\/td><td class=\"has-text-align-center\" data-align=\"center\"><strong><em>3628<\/em><\/strong><\/td><td class=\"has-text-align-center\" data-align=\"center\"><strong><em>Pati\u00f1o<\/em><\/strong><\/td><td class=\"has-text-align-center\" data-align=\"center\"><strong>Pozo&nbsp; del&nbsp; Tigre<\/strong><\/td><\/tr><tr><td class=\"has-text-align-center\" data-align=\"center\"><strong>16<\/strong><\/td><td class=\"has-text-align-center\" data-align=\"center\"><strong>340019300<\/strong><\/td><td class=\"has-text-align-center\" data-align=\"center\"><strong><em>3611<\/em><\/strong><\/td><td class=\"has-text-align-center\" data-align=\"center\"><strong><em>Pilcomayo<\/em><\/strong><\/td><td class=\"has-text-align-center\" data-align=\"center\"><strong>Laguna&nbsp; Nain\u00e9ck<\/strong><\/td><\/tr><tr><td class=\"has-text-align-center\" data-align=\"center\"><strong>17<\/strong><\/td><td class=\"has-text-align-center\" data-align=\"center\"><strong>340031400<\/strong><\/td><td class=\"has-text-align-center\" data-align=\"center\"><strong><em>3610<\/em><\/strong><\/td><td class=\"has-text-align-center\" data-align=\"center\"><strong><em>Pilcomayo<\/em><\/strong><\/td><td class=\"has-text-align-center\" data-align=\"center\"><strong>Clorinda&nbsp; (Don Crist\u00f3bal&nbsp; Aguirre)<\/strong><\/td><\/tr><tr><td class=\"has-text-align-center\" data-align=\"center\"><strong>18<\/strong><\/td><td class=\"has-text-align-center\" data-align=\"center\"><strong>340015400<\/strong><\/td><td class=\"has-text-align-center\" data-align=\"center\"><strong><em>3611<\/em><\/strong><\/td><td class=\"has-text-align-center\" data-align=\"center\"><strong><em>Pilcomayo<\/em><\/strong><\/td><td class=\"has-text-align-center\" data-align=\"center\"><strong>Riacho&nbsp; He H\u00e9<\/strong><\/td><\/tr><tr><td class=\"has-text-align-center\" data-align=\"center\"><strong>19<\/strong><\/td><td class=\"has-text-align-center\" data-align=\"center\"><strong>340002600<\/strong><\/td><td class=\"has-text-align-center\" data-align=\"center\"><strong><em>3613<\/em><\/strong><\/td><td class=\"has-text-align-center\" data-align=\"center\"><strong><em>Pilcomayo<\/em><\/strong><\/td><td class=\"has-text-align-center\" data-align=\"center\"><strong>Laguna&nbsp; Blanca&nbsp; (Presidente Juan Domingo Per\u00f3n)<\/strong><\/td><\/tr><tr><td class=\"has-text-align-center\" data-align=\"center\" rowspan=\"3\"><strong>&nbsp;<\/strong> <strong>&nbsp;<\/strong> <strong>20<\/strong><\/td><td class=\"has-text-align-center\" data-align=\"center\"><strong>340017300<\/strong><strong><\/strong><\/td><td class=\"has-text-align-center\" data-align=\"center\"><strong><em>3601<\/em><\/strong><\/td><td class=\"has-text-align-center\" data-align=\"center\"><strong><em>Laish\u00ec<\/em><\/strong><\/td><td class=\"has-text-align-center\" data-align=\"center\"><strong>Misi\u00f3n&nbsp; Laish\u00ec<\/strong><strong><\/strong><\/td><\/tr><tr><td class=\"has-text-align-center\" data-align=\"center\"><strong>340017301<\/strong><strong><\/strong><\/td><td class=\"has-text-align-center\" data-align=\"center\"><strong><em>3625<\/em><\/strong><\/td><td class=\"has-text-align-center\" data-align=\"center\"><strong><em>Laish\u00ec<\/em><\/strong><\/td><td class=\"has-text-align-center\" data-align=\"center\"><strong>Extensi\u00f3n&nbsp; \u00c1ulica&nbsp; Villa&nbsp; Escolar<\/strong><strong><\/strong><\/td><\/tr><tr><td class=\"has-text-align-center\" data-align=\"center\"><strong>\u2026\u2026\u2026\u2026.<\/strong><strong><\/strong><\/td><td class=\"has-text-align-center\" data-align=\"center\"><strong><em>&nbsp;<\/em><\/strong><\/td><td class=\"has-text-align-center\" data-align=\"center\"><strong><em>Laish\u00ec<\/em><\/strong><\/td><td class=\"has-text-align-center\" data-align=\"center\"><strong>Extension&nbsp; Aulica&nbsp; Gral.&nbsp; Lucio&nbsp; V.&nbsp; Mansilla<\/strong><strong><\/strong><\/td><\/tr><tr><td class=\"has-text-align-center\" data-align=\"center\"><strong>&nbsp;<\/strong> <strong>21<\/strong><\/td><td class=\"has-text-align-center\" data-align=\"center\"><strong>&nbsp;<\/strong> <strong>340033500<\/strong><\/td><td class=\"has-text-align-center\" data-align=\"center\"><strong><em>&nbsp;<\/em><\/strong> <strong><em>3626<\/em><\/strong><\/td><td class=\"has-text-align-center\" data-align=\"center\"><strong><em>&nbsp;<\/em><\/strong> <strong><em>Matacos<\/em><\/strong><\/td><td class=\"has-text-align-center\" data-align=\"center\"><strong><u>Ing.&nbsp; Ju\u00e1rez<\/u><\/strong><strong>&nbsp; (Instituto Superior de Formaci\u00f3n Docente e Investigaciones para Comunidades Abor\u00edgenes y Sectores Marginales).<\/strong><\/td><\/tr><tr><td class=\"has-text-align-center\" data-align=\"center\"><strong>22<\/strong><\/td><td class=\"has-text-align-center\" data-align=\"center\"><strong>340038600<\/strong><\/td><td class=\"has-text-align-center\" data-align=\"center\"><strong><em>3615<\/em><\/strong><\/td><td class=\"has-text-align-center\" data-align=\"center\"><strong><em>Pilaga<\/em><\/strong><\/td><td class=\"has-text-align-center\" data-align=\"center\"><strong>El&nbsp; Espinillo<\/strong><\/td><\/tr><tr><td class=\"has-text-align-center\" data-align=\"center\"><strong>23<\/strong><\/td><td class=\"has-text-align-center\" data-align=\"center\"><strong>340067100<\/strong><\/td><td class=\"has-text-align-center\" data-align=\"center\"><strong><em>3601<\/em><\/strong><\/td><td class=\"has-text-align-center\" data-align=\"center\"><strong><em>Piran\u00e8<\/em><\/strong><\/td><td class=\"has-text-align-center\" data-align=\"center\"><strong>Villafa\u00f1e&nbsp; \u201cV\u00edctor Manuel Almenara\u201d<\/strong><\/td><\/tr><tr><td class=\"has-text-align-center\" data-align=\"center\"><strong>24<\/strong><\/td><td class=\"has-text-align-center\" data-align=\"center\"><strong>340040400<\/strong><\/td><td class=\"has-text-align-center\" data-align=\"center\"><strong><em>3603<\/em><\/strong><\/td><td class=\"has-text-align-center\" data-align=\"center\"><strong><em>Piran\u00e8<\/em><\/strong><\/td><td class=\"has-text-align-center\" data-align=\"center\"><strong>Villa 213&nbsp; \u201cNaci\u00f3n Latinoamericana\u201d<\/strong><\/td><\/tr><tr><td class=\"has-text-align-center\" data-align=\"center\"><strong>25<\/strong><\/td><td class=\"has-text-align-center\" data-align=\"center\"><strong>340060600<\/strong><\/td><td class=\"has-text-align-center\" data-align=\"center\"><strong><em>3606<\/em><\/strong><\/td><td class=\"has-text-align-center\" data-align=\"center\"><strong><em>Piran\u00e8<\/em><\/strong><\/td><td class=\"has-text-align-center\" data-align=\"center\"><strong>Piran\u00e8<\/strong><\/td><\/tr><tr><td class=\"has-text-align-center\" data-align=\"center\"><strong>26<\/strong><\/td><td class=\"has-text-align-center\" data-align=\"center\"><strong>340039700<\/strong><\/td><td class=\"has-text-align-center\" data-align=\"center\"><strong><em>3603<\/em><\/strong><\/td><td class=\"has-text-align-center\" data-align=\"center\"><strong><em>Piran\u00e8<\/em><\/strong><\/td><td class=\"has-text-align-center\" data-align=\"center\"><strong>El Colorado&nbsp; \u201cRca. Federal de Alemania\u201d<\/strong><\/td><\/tr><tr><td class=\"has-text-align-center\" data-align=\"center\"><strong>27<\/strong><\/td><td class=\"has-text-align-center\" data-align=\"center\"><strong>340095400<\/strong><\/td><td class=\"has-text-align-center\" data-align=\"center\"><strong><em>3636<\/em><\/strong><\/td><td class=\"has-text-align-center\" data-align=\"center\"><strong><em>Ram\u00f3n&nbsp; Lista<\/em><\/strong><\/td><td class=\"has-text-align-center\" data-align=\"center\"><strong><u>El&nbsp; Potrillo<\/u><\/strong><strong>&nbsp; (Instituto Superior de Formaci\u00f3n Docente&nbsp; y&nbsp; T\u00e9cnica &nbsp;Intercultural Biling\u00fce).-<\/strong><\/td><\/tr><\/tbody><\/table><figcaption class=\"wp-element-caption\">PRIVADA <\/figcaption><\/figure>\n\n\n\n<figure class=\"wp-block-table\"><table class=\"has-base-3-color has-accent-background-color has-text-color has-background\"><tbody><tr><td><strong>Orden&nbsp; N\u00ba<\/strong><\/td><td><strong>Cue<\/strong><\/td><td><strong>C\u00f3digo Postal<\/strong><\/td><td><strong>Dpto.<\/strong><\/td><td><strong>Instituci\u00f3n<\/strong><\/td><\/tr><tr><td><strong>1<\/strong><\/td><td><strong>340058900<\/strong><\/td><td><strong><em>3600<\/em><\/strong><\/td><td><strong><em>Formosa<\/em><\/strong><\/td><td><strong>Instituto Privado \u201cRobustiano Macedo Mart\u00ednez\u201d<\/strong><\/td><\/tr><tr><td><strong>2<\/strong><\/td><td><strong>340051100<\/strong><\/td><td><strong><em>3600<\/em><\/strong><\/td><td><strong><em>Formosa<\/em><\/strong><\/td><td><strong>Instituto Privado&nbsp; \u201cSanta Isabel\u201d<\/strong><\/td><\/tr><tr><td><strong>3<\/strong><\/td><td><strong>340070500<\/strong><\/td><td><strong><em>3610<\/em><\/strong><\/td><td><strong><em>Pilcomayo<\/em><\/strong><\/td><td><strong>Instituto Privado \u201cSanta Catalina de Labour\u00e9\u201d&nbsp; \u00d1&nbsp; 6 \u2013 Clorinda<\/strong><\/td><\/tr><tr><td><strong>4<\/strong><\/td><td><strong>340070300<\/strong><\/td><td><strong><em>3610<\/em><\/strong><\/td><td><strong><em>Pilcomayo<\/em><\/strong><\/td><td><strong>Instituto T\u00e9cnico \u201cSan Jos\u00e9\u201d&nbsp;&nbsp; \u00d1 15&nbsp; &#8211;&nbsp; Clorinda<\/strong><\/td><\/tr><tr><td><strong>5<\/strong><\/td><td><strong>340071400<\/strong><\/td><td><strong><em>3620<\/em><\/strong><\/td><td><strong><em>Pati\u00f1o<\/em><\/strong><\/td><td><strong>Instituto Privado \u201cSan&nbsp; Jos\u00e9\u201d&nbsp;&nbsp; \u00d1&nbsp; 12 \u2013 Cmte.&nbsp; Fontana<\/strong><\/td><\/tr><\/tbody><\/table><\/figure>\n","protected":false},"excerpt":{"rendered":"<p>Orden N\u00ba Cue C\u00f3digo Postal Dpto. Instituci\u00f3n 1 340051000 3600 Formosa ISA.&nbsp;&nbsp; \u201cOscar Alberto&nbsp; Albertazzi\u201d 2 340059000 3600 Formosa Educaci\u00f3n F\u00edsica 3 340043700 3600 Formosa Nivel&nbsp; Inicial 4 340054700 3600 Formosa ISFD.&nbsp; \u201cF\u00e9lix Atilio Cabrera\u201d 5 340058700 3600 Formosa ISPAF. 6 340049900 3600 Formosa Escuela&nbsp;&nbsp; Normal&nbsp; Superior&nbsp; \u201cRca. del&nbsp; Paraguay\u201d 7 340111600 3600 Formosa Instituto &#8230; <a title=\"DATOS DE INSTITUTOS\" class=\"read-more\" href=\"https:\/\/des-for.infd.edu.ar\/sitio\/datos-de-institutos\/\" aria-label=\"More on DATOS DE INSTITUTOS\">[+]<\/a><\/p>\n","protected":false},"author":298,"featured_media":0,"parent":0,"menu_order":0,"comment_status":"closed","ping_status":"closed","template":"","meta":[],"acf":[],"_links":{"self":[{"href":"https:\/\/des-for.infd.edu.ar\/sitio\/wp-json\/wp\/v2\/pages\/4354"}],"collection":[{"href":"https:\/\/des-for.infd.edu.ar\/sitio\/wp-json\/wp\/v2\/pages"}],"about":[{"href":"https:\/\/des-for.infd.edu.ar\/sitio\/wp-json\/wp\/v2\/types\/page"}],"author":[{"embeddable":true,"href":"https:\/\/des-for.infd.edu.ar\/sitio\/wp-json\/wp\/v2\/users\/298"}],"replies":[{"embeddable":true,"href":"https:\/\/des-for.infd.edu.ar\/sitio\/wp-json\/wp\/v2\/comments?post=4354"}],"version-history":[{"count":1,"href":"https:\/\/des-for.infd.edu.ar\/sitio\/wp-json\/wp\/v2\/pages\/4354\/revisions"}],"predecessor-version":[{"id":4355,"href":"https:\/\/des-for.infd.edu.ar\/sitio\/wp-json\/wp\/v2\/pages\/4354\/revisions\/4355"}],"wp:attachment":[{"href":"https:\/\/des-for.infd.edu.ar\/sitio\/wp-json\/wp\/v2\/media?parent=4354"}],"curies":[{"name":"wp","href":"https:\/\/api.w.org\/{rel}","templated":true}]}}