{"id":3913,"date":"2025-11-19T11:21:38","date_gmt":"2025-11-19T14:21:38","guid":{"rendered":"https:\/\/des-for.infd.edu.ar\/sitio\/?page_id=3913"},"modified":"2025-11-28T18:06:44","modified_gmt":"2025-11-28T21:06:44","slug":"oferta-academica-2026","status":"publish","type":"page","link":"https:\/\/des-for.infd.edu.ar\/sitio\/oferta-academica-2026\/","title":{"rendered":"OFERTA ACADEMICA 2026"},"content":{"rendered":"\n<figure class=\"wp-block-image size-full\"><img decoding=\"async\" loading=\"lazy\" width=\"1600\" height=\"865\" src=\"https:\/\/des-for.infd.edu.ar\/sitio\/wp-content\/uploads\/2025\/11\/WhatsApp-Image-2025-11-19-at-19.10.44.jpeg\" alt=\"\" class=\"wp-image-3937\" srcset=\"https:\/\/des-for.infd.edu.ar\/sitio\/wp-content\/uploads\/2025\/11\/WhatsApp-Image-2025-11-19-at-19.10.44.jpeg 1600w, https:\/\/des-for.infd.edu.ar\/sitio\/wp-content\/uploads\/2025\/11\/WhatsApp-Image-2025-11-19-at-19.10.44-1000x541.jpeg 1000w, https:\/\/des-for.infd.edu.ar\/sitio\/wp-content\/uploads\/2025\/11\/WhatsApp-Image-2025-11-19-at-19.10.44-768x415.jpeg 768w, https:\/\/des-for.infd.edu.ar\/sitio\/wp-content\/uploads\/2025\/11\/WhatsApp-Image-2025-11-19-at-19.10.44-1536x830.jpeg 1536w\" sizes=\"(max-width: 1600px) 100vw, 1600px\" \/><\/figure>\n\n\n\n<figure class=\"wp-block-image size-large\"><img decoding=\"async\" loading=\"lazy\" width=\"1900\" height=\"1152\" src=\"https:\/\/des-for.infd.edu.ar\/sitio\/wp-content\/uploads\/2025\/11\/POST_ESTATAL-1900x1152.jpg\" alt=\"\" class=\"wp-image-3966\" srcset=\"https:\/\/des-for.infd.edu.ar\/sitio\/wp-content\/uploads\/2025\/11\/POST_ESTATAL-1900x1152.jpg 1900w, https:\/\/des-for.infd.edu.ar\/sitio\/wp-content\/uploads\/2025\/11\/POST_ESTATAL-1000x606.jpg 1000w, https:\/\/des-for.infd.edu.ar\/sitio\/wp-content\/uploads\/2025\/11\/POST_ESTATAL-768x466.jpg 768w, https:\/\/des-for.infd.edu.ar\/sitio\/wp-content\/uploads\/2025\/11\/POST_ESTATAL-1536x931.jpg 1536w, https:\/\/des-for.infd.edu.ar\/sitio\/wp-content\/uploads\/2025\/11\/POST_ESTATAL-2048x1241.jpg 2048w\" sizes=\"(max-width: 1900px) 100vw, 1900px\" \/><\/figure>\n\n\n\n<figure class=\"wp-block-image size-full\"><img decoding=\"async\" loading=\"lazy\" width=\"1600\" height=\"982\" src=\"https:\/\/des-for.infd.edu.ar\/sitio\/wp-content\/uploads\/2025\/11\/3.jpeg\" alt=\"\" class=\"wp-image-3939\" srcset=\"https:\/\/des-for.infd.edu.ar\/sitio\/wp-content\/uploads\/2025\/11\/3.jpeg 1600w, https:\/\/des-for.infd.edu.ar\/sitio\/wp-content\/uploads\/2025\/11\/3-1000x614.jpeg 1000w, https:\/\/des-for.infd.edu.ar\/sitio\/wp-content\/uploads\/2025\/11\/3-768x471.jpeg 768w, https:\/\/des-for.infd.edu.ar\/sitio\/wp-content\/uploads\/2025\/11\/3-1536x943.jpeg 1536w\" sizes=\"(max-width: 1600px) 100vw, 1600px\" \/><\/figure>\n\n\n\n<figure class=\"wp-block-image size-large\"><img decoding=\"async\" loading=\"lazy\" width=\"1900\" height=\"1167\" src=\"https:\/\/des-for.infd.edu.ar\/sitio\/wp-content\/uploads\/2025\/11\/postitulo-PRIVADA-1900x1167.jpg\" alt=\"\" class=\"wp-image-3964\" srcset=\"https:\/\/des-for.infd.edu.ar\/sitio\/wp-content\/uploads\/2025\/11\/postitulo-PRIVADA-1900x1167.jpg 1900w, https:\/\/des-for.infd.edu.ar\/sitio\/wp-content\/uploads\/2025\/11\/postitulo-PRIVADA-1000x614.jpg 1000w, https:\/\/des-for.infd.edu.ar\/sitio\/wp-content\/uploads\/2025\/11\/postitulo-PRIVADA-768x472.jpg 768w, https:\/\/des-for.infd.edu.ar\/sitio\/wp-content\/uploads\/2025\/11\/postitulo-PRIVADA-1536x944.jpg 1536w, https:\/\/des-for.infd.edu.ar\/sitio\/wp-content\/uploads\/2025\/11\/postitulo-PRIVADA-2048x1258.jpg 2048w\" sizes=\"(max-width: 1900px) 100vw, 1900px\" \/><\/figure>\n\n\n\n<div class=\"wp-block-columns is-layout-flex wp-container-4\">\n<div class=\"wp-block-column is-layout-flow\">\n<figure class=\"wp-block-image size-full\"><a href=\"https:\/\/des-for.infd.edu.ar\/sitio\/wp-content\/uploads\/2025\/11\/v2-RECORRIDO-INTERACTIVO-DE-CARRERAS-2026_GESTION-ESTATAL-FSA.pdf\"><img decoding=\"async\" loading=\"lazy\" width=\"1600\" height=\"446\" src=\"https:\/\/des-for.infd.edu.ar\/sitio\/wp-content\/uploads\/2025\/11\/WhatsApp-Image-2025-11-19-at-16.11.08-2.jpeg\" alt=\"\" class=\"wp-image-3948\" srcset=\"https:\/\/des-for.infd.edu.ar\/sitio\/wp-content\/uploads\/2025\/11\/WhatsApp-Image-2025-11-19-at-16.11.08-2.jpeg 1600w, https:\/\/des-for.infd.edu.ar\/sitio\/wp-content\/uploads\/2025\/11\/WhatsApp-Image-2025-11-19-at-16.11.08-2-1000x279.jpeg 1000w, https:\/\/des-for.infd.edu.ar\/sitio\/wp-content\/uploads\/2025\/11\/WhatsApp-Image-2025-11-19-at-16.11.08-2-768x214.jpeg 768w, https:\/\/des-for.infd.edu.ar\/sitio\/wp-content\/uploads\/2025\/11\/WhatsApp-Image-2025-11-19-at-16.11.08-2-1536x428.jpeg 1536w\" sizes=\"(max-width: 1600px) 100vw, 1600px\" \/><\/a><\/figure>\n<\/div>\n\n\n\n<div class=\"wp-block-column is-layout-flow\">\n<figure class=\"wp-block-image size-full\"><a href=\"https:\/\/drive.google.com\/drive\/folders\/1pfsZx16RtvzdpP0cHrHGqSUjQqGbLogQ?usp=sharing\"><img decoding=\"async\" loading=\"lazy\" width=\"1600\" height=\"446\" src=\"https:\/\/des-for.infd.edu.ar\/sitio\/wp-content\/uploads\/2025\/11\/WhatsApp-Image-2025-11-19-at-16.12.57-1.jpeg\" alt=\"\" class=\"wp-image-3949\" srcset=\"https:\/\/des-for.infd.edu.ar\/sitio\/wp-content\/uploads\/2025\/11\/WhatsApp-Image-2025-11-19-at-16.12.57-1.jpeg 1600w, https:\/\/des-for.infd.edu.ar\/sitio\/wp-content\/uploads\/2025\/11\/WhatsApp-Image-2025-11-19-at-16.12.57-1-1000x279.jpeg 1000w, https:\/\/des-for.infd.edu.ar\/sitio\/wp-content\/uploads\/2025\/11\/WhatsApp-Image-2025-11-19-at-16.12.57-1-768x214.jpeg 768w, https:\/\/des-for.infd.edu.ar\/sitio\/wp-content\/uploads\/2025\/11\/WhatsApp-Image-2025-11-19-at-16.12.57-1-1536x428.jpeg 1536w\" sizes=\"(max-width: 1600px) 100vw, 1600px\" \/><\/a><\/figure>\n<\/div>\n\n\n\n<div class=\"wp-block-column is-layout-flow\">\n<figure class=\"wp-block-image size-full\"><a href=\"https:\/\/www.formosa.gob.ar\/educacion\/preinscripcioneducacionsuperior\"><img decoding=\"async\" loading=\"lazy\" width=\"1600\" height=\"446\" src=\"https:\/\/des-for.infd.edu.ar\/sitio\/wp-content\/uploads\/2025\/11\/WhatsApp-Image-2025-11-19-at-16.08.24-1.jpeg\" alt=\"\" class=\"wp-image-3950\" srcset=\"https:\/\/des-for.infd.edu.ar\/sitio\/wp-content\/uploads\/2025\/11\/WhatsApp-Image-2025-11-19-at-16.08.24-1.jpeg 1600w, https:\/\/des-for.infd.edu.ar\/sitio\/wp-content\/uploads\/2025\/11\/WhatsApp-Image-2025-11-19-at-16.08.24-1-1000x279.jpeg 1000w, https:\/\/des-for.infd.edu.ar\/sitio\/wp-content\/uploads\/2025\/11\/WhatsApp-Image-2025-11-19-at-16.08.24-1-768x214.jpeg 768w, https:\/\/des-for.infd.edu.ar\/sitio\/wp-content\/uploads\/2025\/11\/WhatsApp-Image-2025-11-19-at-16.08.24-1-1536x428.jpeg 1536w\" sizes=\"(max-width: 1600px) 100vw, 1600px\" \/><\/a><\/figure>\n<\/div>\n<\/div>\n\n\n\n<p>Res. Nro. 4160\/25 &#8211; Mapa de oferta de carreras de formaci\u00f3n Docente Contin\u00faa y T\u00e9cnica<\/p>\n\n\n\n<div class=\"wp-block-file\"><object class=\"wp-block-file__embed\" data=\"https:\/\/des-for.infd.edu.ar\/sitio\/wp-content\/uploads\/2025\/11\/MAPA-DE-OFERTA-N\u00b0-4160-25.pdf\" type=\"application\/pdf\" style=\"width:100%;height:200px\" aria-label=\"Incrustado de MAPA-DE-OFERTA-N\u00b0-4160-25.\"><\/object><a id=\"wp-block-file--media-35e8982b-fe10-4136-8fa7-774bc6f02a53\" href=\"https:\/\/des-for.infd.edu.ar\/sitio\/wp-content\/uploads\/2025\/11\/MAPA-DE-OFERTA-N\u00b0-4160-25.pdf\">MAPA-DE-OFERTA-N\u00b0-4160-25<\/a><a href=\"https:\/\/des-for.infd.edu.ar\/sitio\/wp-content\/uploads\/2025\/11\/MAPA-DE-OFERTA-N\u00b0-4160-25.pdf\" class=\"wp-block-file__button wp-element-button\" download aria-describedby=\"wp-block-file--media-35e8982b-fe10-4136-8fa7-774bc6f02a53\">Descarga<\/a><\/div>\n","protected":false},"excerpt":{"rendered":"<p>Res. Nro. 4160\/25 &#8211; Mapa de oferta de carreras de formaci\u00f3n Docente Contin\u00faa y T\u00e9cnica<\/p>\n","protected":false},"author":298,"featured_media":3959,"parent":0,"menu_order":0,"comment_status":"closed","ping_status":"closed","template":"","meta":[],"acf":[],"_links":{"self":[{"href":"https:\/\/des-for.infd.edu.ar\/sitio\/wp-json\/wp\/v2\/pages\/3913"}],"collection":[{"href":"https:\/\/des-for.infd.edu.ar\/sitio\/wp-json\/wp\/v2\/pages"}],"about":[{"href":"https:\/\/des-for.infd.edu.ar\/sitio\/wp-json\/wp\/v2\/types\/page"}],"author":[{"embeddable":true,"href":"https:\/\/des-for.infd.edu.ar\/sitio\/wp-json\/wp\/v2\/users\/298"}],"replies":[{"embeddable":true,"href":"https:\/\/des-for.infd.edu.ar\/sitio\/wp-json\/wp\/v2\/comments?post=3913"}],"version-history":[{"count":17,"href":"https:\/\/des-for.infd.edu.ar\/sitio\/wp-json\/wp\/v2\/pages\/3913\/revisions"}],"predecessor-version":[{"id":4027,"href":"https:\/\/des-for.infd.edu.ar\/sitio\/wp-json\/wp\/v2\/pages\/3913\/revisions\/4027"}],"wp:featuredmedia":[{"embeddable":true,"href":"https:\/\/des-for.infd.edu.ar\/sitio\/wp-json\/wp\/v2\/media\/3959"}],"wp:attachment":[{"href":"https:\/\/des-for.infd.edu.ar\/sitio\/wp-json\/wp\/v2\/media?parent=3913"}],"curies":[{"name":"wp","href":"https:\/\/api.w.org\/{rel}","templated":true}]}}