{"id":1439,"date":"2018-08-30T14:51:13","date_gmt":"2018-08-30T17:51:13","guid":{"rendered":"https:\/\/des-for.infd.edu.ar\/sitio\/instructivos-varios\/"},"modified":"2021-06-11T09:33:17","modified_gmt":"2021-06-11T12:33:17","slug":"instructivos-varios","status":"publish","type":"page","link":"https:\/\/des-for.infd.edu.ar\/sitio\/instructivos-varios\/","title":{"rendered":"Instructivos Varios"},"content":{"rendered":"<h2><strong><span style=\"font-size: 12pt;\">Instructivos para l<\/span><\/strong><strong><span style=\"font-size: 12pt;\">icencias para tratamientos de salud y maternidad para el Personal Docente; realizaci\u00f3n de control de ausentismo por razones de salud y fiscalizaci\u00f3n de ex\u00e1menes m\u00e9dicos a los agentes de la Administraci\u00f3n P\u00fablica conforme Ley Provincial N\u00b0 1180\/95; y para el personal docente de los establecimientos privados incorporados a la educaci\u00f3n oficial.<\/span><\/strong><\/h2>\n<p><span style=\"font-size: 12pt;\">&#8211; Auditor\u00eda M\u00e9dica Laboral:\u00a0Realizar el control de ausentismo por razones de salud y fiscalizar ex\u00e1menes m\u00e9dicos a los agentes de la Administraci\u00f3n P\u00fablica conforme Ley Provincial N\u00b0 1180\/95 &#8211;\u00a0<a title=\"DOCUMENTO\" href=\"https:\/\/archivos.formosa.gob.ar\/media\/uploads\/documentos\/documento_1433282189.pdf\" target=\"_blank\" rel=\"noopener\">DESCARGAR<\/a><\/span><\/p>\n<p><span style=\"font-size: 12pt;\">&#8211; Auditor\u00eda Medica Laboral para el interior provincial:\u00a0Instructivo licencias para tratamiento de salud y maternidad para el Personal Docente &#8211; <a title=\"DOCUMENTO\" href=\"https:\/\/archivos.formosa.gob.ar\/media\/uploads\/documentos\/documento_1433282627.pdf\" target=\"_blank\" rel=\"noopener\">DESCARGAR<\/a><\/span><\/p>\n<p><span style=\"font-size: 12pt;\">&#8211; Auditor\u00eda M\u00e9dica Laboral para Establecimientos P\u00fablicos de Gesti\u00f3n Privada:\u00a0Instructivo para el personal docente de los establecimientos privados incorporados a la educaci\u00f3n oficial &#8211; <a title=\"DOCUMENTO\" href=\"https:\/\/archivos.formosa.gob.ar\/media\/uploads\/documentos\/documento_1433283128.pdf\" target=\"_blank\" rel=\"noopener\">DESCARGAR<\/a><\/span><\/p>\n<hr \/>\n<h3>Instructivo para proceder a la inscripci\u00f3n de interinatos y suplencias para el ciclo 2022<\/h3>\n<h3><a href=\"https:\/\/des-for.infd.edu.ar\/sitio\/wp-content\/uploads\/2021\/06\/INSTRUCTIVO-DE-CONVOCATORIA-2022.doc\">INSTRUCTIVO DE CONVOCATORIA 2022<\/a><\/h3>\n<h3><a href=\"https:\/\/des-for.infd.edu.ar\/sitio\/wp-content\/uploads\/2021\/06\/SOLICITUD-DE-INSCRIPCION-2022.xls\">SOLICITUD DE INSCRIPCION 2022<\/a><\/h3>\n<p>&nbsp;<\/p>\n<p><strong><span style=\"font-size: 12pt;\">DECLARACI\u00d3N JURADA DE CARGOS Y ACTIVIDADES <a title=\"DDJJ cargos y actividades\" href=\"upload\/DECLARACION__JURADA_CARGOS_Y_ACTIVIDADES.doc\" target=\"_blank\" rel=\"noopener\">(Descargar)<\/a><\/span><\/strong><\/p>\n<p><em><strong>Fuente: Ministerio de Cultura y Educaci\u00f3n<\/strong><\/em><\/p>\n<p>&nbsp;<\/p>\n<p><a href=\"https:\/\/direccionpersonaldocente.blogspot.com\/2021\/01\/formularios-para-descargar.html?m=1\"><strong>FORMULARIOS DE LA DIRECCI\u00d3N DE COORDINACI\u00d3N DE PERSONAL DOCENTE PARA DESCARGAR<\/strong><\/a>&#x1f4f2;<\/p>\n<p>&nbsp;<\/p>\n<p>&nbsp;<\/p>\n<p>&nbsp;<\/p>\n<p>&nbsp;<\/p>\n","protected":false},"excerpt":{"rendered":"<p>Instructivos para licencias para tratamientos de salud y maternidad para el Personal Docente; realizaci\u00f3n de control de ausentismo por razones de salud y fiscalizaci\u00f3n de ex\u00e1menes m\u00e9dicos a los agentes de la Administraci\u00f3n P\u00fablica conforme Ley Provincial N\u00b0 1180\/95; y para el personal docente de los establecimientos privados incorporados a la educaci\u00f3n oficial. &#8211; Auditor\u00eda &#8230; <a title=\"Instructivos Varios\" class=\"read-more\" href=\"https:\/\/des-for.infd.edu.ar\/sitio\/instructivos-varios\/\" aria-label=\"More on Instructivos Varios\">[+]<\/a><\/p>\n","protected":false},"author":888,"featured_media":0,"parent":0,"menu_order":0,"comment_status":"closed","ping_status":"closed","template":"","meta":[],"acf":[],"_links":{"self":[{"href":"https:\/\/des-for.infd.edu.ar\/sitio\/wp-json\/wp\/v2\/pages\/1439"}],"collection":[{"href":"https:\/\/des-for.infd.edu.ar\/sitio\/wp-json\/wp\/v2\/pages"}],"about":[{"href":"https:\/\/des-for.infd.edu.ar\/sitio\/wp-json\/wp\/v2\/types\/page"}],"author":[{"embeddable":true,"href":"https:\/\/des-for.infd.edu.ar\/sitio\/wp-json\/wp\/v2\/users\/888"}],"replies":[{"embeddable":true,"href":"https:\/\/des-for.infd.edu.ar\/sitio\/wp-json\/wp\/v2\/comments?post=1439"}],"version-history":[{"count":9,"href":"https:\/\/des-for.infd.edu.ar\/sitio\/wp-json\/wp\/v2\/pages\/1439\/revisions"}],"predecessor-version":[{"id":3532,"href":"https:\/\/des-for.infd.edu.ar\/sitio\/wp-json\/wp\/v2\/pages\/1439\/revisions\/3532"}],"wp:attachment":[{"href":"https:\/\/des-for.infd.edu.ar\/sitio\/wp-json\/wp\/v2\/media?parent=1439"}],"curies":[{"name":"wp","href":"https:\/\/api.w.org\/{rel}","templated":true}]}}