{"id":1434,"date":"2018-08-30T14:51:11","date_gmt":"2018-08-30T17:51:11","guid":{"rendered":"https:\/\/des-for.infd.edu.ar\/sitio\/programa-nacional-de-formacion-permanente\/"},"modified":"2020-02-14T16:12:23","modified_gmt":"2020-02-14T19:12:23","slug":"ofertas2020","status":"publish","type":"page","link":"https:\/\/des-for.infd.edu.ar\/sitio\/ofertas2020\/","title":{"rendered":"INSCRIPCIONES 2020"},"content":{"rendered":"<p><img decoding=\"async\" loading=\"lazy\" class=\" wp-image-1612 alignleft\" src=\"https:\/\/des-for.infd.edu.ar\/sitio\/wp-content\/uploads\/2019\/09\/11-1-1000x95.jpg\" alt=\"\" width=\"558\" height=\"53\" srcset=\"https:\/\/des-for.infd.edu.ar\/sitio\/wp-content\/uploads\/2019\/09\/11-1-1000x95.jpg 1000w, https:\/\/des-for.infd.edu.ar\/sitio\/wp-content\/uploads\/2019\/09\/11-1-768x73.jpg 768w, https:\/\/des-for.infd.edu.ar\/sitio\/wp-content\/uploads\/2019\/09\/11-1.jpg 1037w\" sizes=\"(max-width: 558px) 100vw, 558px\" \/><\/p>\n<p>&nbsp;<\/p>\n<p>&nbsp;<\/p>\n<p><strong>Mapa de ofertas educativas de formaci\u00f3n docente y t\u00e9cnica de ISFDyT de gesti\u00f3n estatal<\/strong><\/p>\n<p>El Ministro de Cultura y Educaci\u00f3n, Dr. Alberto Marcelo Zorrilla, aprob\u00f3\u00a0\u00a0el\u00a0 Mapa de\u00a0 Ofertas de Carreras de\u00a0 Formaci\u00f3n Docente y T\u00e9cnica a implementarse\u00a0 por una cohorte en los Institutos Superiores de Gesti\u00f3n Estatal\u00a0 y Privada en el \u00e1mbito provincial, durante el periodo escolar 2.020, Resoluci\u00f3n N\u00b0 4574\/19.<\/p>\n<p><img decoding=\"async\" loading=\"lazy\" class=\"aligncenter wp-image-1627\" src=\"https:\/\/des-for.infd.edu.ar\/sitio\/wp-content\/uploads\/2019\/09\/55-1000x738.jpg\" alt=\"\" width=\"561\" height=\"414\" srcset=\"https:\/\/des-for.infd.edu.ar\/sitio\/wp-content\/uploads\/2019\/09\/55-1000x738.jpg 1000w, https:\/\/des-for.infd.edu.ar\/sitio\/wp-content\/uploads\/2019\/09\/55-768x567.jpg 768w, https:\/\/des-for.infd.edu.ar\/sitio\/wp-content\/uploads\/2019\/09\/55.jpg 1578w\" sizes=\"(max-width: 561px) 100vw, 561px\" \/><\/p>\n<p><img decoding=\"async\" loading=\"lazy\" class=\"aligncenter size-medium wp-image-2213\" src=\"https:\/\/des-for.infd.edu.ar\/sitio\/wp-content\/uploads\/2020\/02\/1-1000x711.jpg\" alt=\"\" width=\"1000\" height=\"711\" srcset=\"https:\/\/des-for.infd.edu.ar\/sitio\/wp-content\/uploads\/2020\/02\/1-1000x711.jpg 1000w, https:\/\/des-for.infd.edu.ar\/sitio\/wp-content\/uploads\/2020\/02\/1-768x546.jpg 768w, https:\/\/des-for.infd.edu.ar\/sitio\/wp-content\/uploads\/2020\/02\/1-1900x1350.jpg 1900w\" sizes=\"(max-width: 1000px) 100vw, 1000px\" \/><\/p>\n<p><img decoding=\"async\" loading=\"lazy\" class=\"aligncenter size-medium wp-image-2215\" src=\"https:\/\/des-for.infd.edu.ar\/sitio\/wp-content\/uploads\/2020\/02\/1-1-1000x957.jpg\" alt=\"\" width=\"1000\" height=\"957\" srcset=\"https:\/\/des-for.infd.edu.ar\/sitio\/wp-content\/uploads\/2020\/02\/1-1-1000x957.jpg 1000w, https:\/\/des-for.infd.edu.ar\/sitio\/wp-content\/uploads\/2020\/02\/1-1-768x735.jpg 768w, https:\/\/des-for.infd.edu.ar\/sitio\/wp-content\/uploads\/2020\/02\/1-1-1900x1818.jpg 1900w\" sizes=\"(max-width: 1000px) 100vw, 1000px\" \/><\/p>\n<p><a href=\"https:\/\/www.formosa.gob.ar\/educacion\/inscripcioneducacionsuperior\"><img decoding=\"async\" loading=\"lazy\" class=\"aligncenter wp-image-1657\" src=\"https:\/\/des-for.infd.edu.ar\/sitio\/wp-content\/uploads\/2019\/10\/LINK-INSCRIPCION.png\" alt=\"\" width=\"184\" height=\"144\" \/><\/a><\/p>\n<p style=\"text-align: center;\">\n","protected":false},"excerpt":{"rendered":"<p>&nbsp; &nbsp; Mapa de ofertas educativas de formaci\u00f3n docente y t\u00e9cnica de ISFDyT de gesti\u00f3n estatal El Ministro de Cultura y Educaci\u00f3n, Dr. Alberto Marcelo Zorrilla, aprob\u00f3\u00a0\u00a0el\u00a0 Mapa de\u00a0 Ofertas de Carreras de\u00a0 Formaci\u00f3n Docente y T\u00e9cnica a implementarse\u00a0 por una cohorte en los Institutos Superiores de Gesti\u00f3n Estatal\u00a0 y Privada en el \u00e1mbito provincial, &#8230; <a title=\"INSCRIPCIONES 2020\" class=\"read-more\" href=\"https:\/\/des-for.infd.edu.ar\/sitio\/ofertas2020\/\" aria-label=\"More on INSCRIPCIONES 2020\">[+]<\/a><\/p>\n","protected":false},"author":888,"featured_media":0,"parent":0,"menu_order":0,"comment_status":"closed","ping_status":"closed","template":"","meta":[],"acf":[],"_links":{"self":[{"href":"https:\/\/des-for.infd.edu.ar\/sitio\/wp-json\/wp\/v2\/pages\/1434"}],"collection":[{"href":"https:\/\/des-for.infd.edu.ar\/sitio\/wp-json\/wp\/v2\/pages"}],"about":[{"href":"https:\/\/des-for.infd.edu.ar\/sitio\/wp-json\/wp\/v2\/types\/page"}],"author":[{"embeddable":true,"href":"https:\/\/des-for.infd.edu.ar\/sitio\/wp-json\/wp\/v2\/users\/888"}],"replies":[{"embeddable":true,"href":"https:\/\/des-for.infd.edu.ar\/sitio\/wp-json\/wp\/v2\/comments?post=1434"}],"version-history":[{"count":24,"href":"https:\/\/des-for.infd.edu.ar\/sitio\/wp-json\/wp\/v2\/pages\/1434\/revisions"}],"predecessor-version":[{"id":2216,"href":"https:\/\/des-for.infd.edu.ar\/sitio\/wp-json\/wp\/v2\/pages\/1434\/revisions\/2216"}],"wp:attachment":[{"href":"https:\/\/des-for.infd.edu.ar\/sitio\/wp-json\/wp\/v2\/media?parent=1434"}],"curies":[{"name":"wp","href":"https:\/\/api.w.org\/{rel}","templated":true}]}}