{"id":1404,"date":"2018-08-30T14:51:00","date_gmt":"2018-08-30T17:51:00","guid":{"rendered":"https:\/\/des-for.infd.edu.ar\/sitio\/disenos-curriculares\/"},"modified":"2025-11-28T17:57:16","modified_gmt":"2025-11-28T20:57:16","slug":"disenos-curriculares","status":"publish","type":"page","link":"https:\/\/des-for.infd.edu.ar\/sitio\/disenos-curriculares\/","title":{"rendered":"Dise\u00f1os Curriculares"},"content":{"rendered":"<p style=\"text-align: left;\"><img decoding=\"async\" loading=\"lazy\" class=\" wp-image-2707 alignleft\" src=\"https:\/\/des-for.infd.edu.ar\/sitio\/wp-content\/uploads\/2020\/06\/1-1-1000x37.jpg\" alt=\"\" width=\"973\" height=\"36\" srcset=\"https:\/\/des-for.infd.edu.ar\/sitio\/wp-content\/uploads\/2020\/06\/1-1-1000x37.jpg 1000w, https:\/\/des-for.infd.edu.ar\/sitio\/wp-content\/uploads\/2020\/06\/1-1-768x28.jpg 768w, https:\/\/des-for.infd.edu.ar\/sitio\/wp-content\/uploads\/2020\/06\/1-1-1900x70.jpg 1900w\" sizes=\"(max-width: 973px) 100vw, 973px\" \/><\/p>\n<h6>\u00a0<\/h6>\n<h6>\u00a0<\/h6>\n<h4>DISE\u00d1OS CURRICULARES &#8211; TRAYECTOS T\u00c9CNICOS PROFESIONALES<\/h4>\n<p>TTP de Asistente en Producci\u00f3n Caprina<a href=\"https:\/\/drive.google.com\/file\/d\/1XJ12YhdEgvtKNP4ZjSoTF2W2Xtfdbs7J\/view?usp=sharing\">DESCARGAR<\/a><\/p>\n<p>TTP Inicial-Asistente en Producci\u00f3n Av\u00edcola<a href=\"https:\/\/drive.google.com\/file\/d\/1t71QbCkQZgj41r99alO2eQfvux9C3_b9\/view?usp=sharing\">DESCARGAR<\/a><\/p>\n<p>TTP Inicial en Apicultor<a href=\"https:\/\/drive.google.com\/file\/d\/1pWRYWRixcuBhw4NquTSVBkoDPwijrvdZ\/view?usp=sharing\">DESCARGAR<\/a><\/p>\n<p>TTP en Cultivos Extensivos: Forraje<a href=\"https:\/\/drive.google.com\/file\/d\/1eIGUG485arJJ2igwBjAKZUIXEPFWbVok\/view?usp=sharing\">DESCARGAR<\/a><\/p>\n<p>TTPI en Asistencia Administrativa<a href=\"https:\/\/drive.google.com\/file\/d\/1uAcfc8HOgN1P-5x2FQ409y2fGtClTutA\/view?usp=sharing\">DESCARGAR<\/a><\/p>\n<p>TTP en STREAMING<a href=\"https:\/\/drive.google.com\/file\/d\/1_54FANqA_DunMrP3DhHo90xi_XNG5wLw\/view?usp=sharing\">DESCARGAR<\/a><\/p>\n<p>TTPI Auxiliar en Inteligencia Artificial<a href=\"https:\/\/drive.google.com\/file\/d\/1ZNaNHrneS-pD4ihKbpiEIDVqe7r2KHlN\/view?usp=sharing\">DESCARGAR<\/a><\/p>\n<p>TTP de Asistente en Turismo, Recreaci\u00f3n y Tiempo Libre<a href=\"https:\/\/drive.google.com\/file\/d\/1s_rbKPWH7gEH_sN8_b8kamvS7D_oqaBv\/view?usp=sharing\">DESCARGAR<\/a><\/p>\n<p>TTP de asistente en Dise\u00f1o de Muebles y Maderas<a href=\"https:\/\/drive.google.com\/file\/d\/13uJ81xYr9JertpM51P83TV4Xrlfmc9IW\/view?usp=sharing\">DESCARGAR<\/a><\/p>\n<p>TTP en Producci\u00f3n Vegetal Intensiva<a href=\"https:\/\/drive.google.com\/file\/d\/1kIiMdPKbF-f-_kaXWxdsWQUOlhj-xp1G\/view?usp=sharing\">DESCARGAR<\/a><\/p>\n<p>TTP. Inicial en Guardavidas<a href=\"https:\/\/drive.google.com\/file\/d\/1rQCD4Ow9IEwDWy9Z7AVHyMfz5bevcB8b\/view?usp=sharing\">DESCARGAR<\/a><\/p>\n<h4>DISE\u00d1OS CURRICULARES &#8211; FORMACI\u00d3N T\u00c9CNICA<\/h4>\n<p>TS en Soporte de Infraestructura de Tecnolog\u00eda de la Informaci\u00f3n<a href=\"https:\/\/drive.google.com\/file\/d\/1bL6IxcSJ83TUw-xtTT-2MAJyOJGmrxe_\/view?usp=sharing\">DESCARGAR<\/a><\/p>\n<p>TS en Producci\u00f3n Forestal<a href=\"https:\/\/drive.google.com\/file\/d\/1n7mxw4fN41JCN61GEegpMCi6oZFPh0qs\/view?usp=sharing\">DESCARGAR<\/a><\/p>\n<p>TS en Tecnolog\u00eda de los Alimentos<a href=\"https:\/\/drive.google.com\/file\/d\/1uIA7WxSJWttDYvpU7rWrBhR5jbHXlEjY\/view?usp=sharing\">DESCARGAR<\/a><\/p>\n<p>TS. en Gesti\u00f3n Integral, Negocios y Empresas<a href=\"https:\/\/drive.google.com\/file\/d\/1dpjZA5n79rGwGQ4-Y-Flfw5CiGV2S559\/view?usp=sharing\">DESCARGAR<\/a><\/p>\n<p>TS. en Desarrollador de Software<a href=\"https:\/\/drive.google.com\/file\/d\/15jB6WL84LVPDNunBxOemTQxMHFcZGz3g\/view?usp=sharing\">DESCARGAR<\/a><\/p>\n<p>TS. en Dise\u00f1o de Comunicaci\u00f3n Visual<a href=\"https:\/\/drive.google.com\/file\/d\/1c44KjKpJb5_oe-0fe6QUz1G-wQt_FT3F\/view?usp=sharing\">DESCARGAR<\/a><\/p>\n<p>TS. de M\u00fasico Social<a href=\"https:\/\/drive.google.com\/file\/d\/1Bl_IK1j2fUB1RgJ7WP800mkG-eday-z6\/view?usp=sharing\">DESCARGAR<\/a><\/p>\n<p>Locuci\u00f3n Integral<a href=\"https:\/\/drive.google.com\/file\/d\/1HbUprP4zlJaPYoSY__F1i0bgpKA71Ujl\/view?usp=sharing\">DESCARGAR<\/a><\/p>\n<p>TS en Periodismo Multimedial<a href=\"https:\/\/drive.google.com\/file\/d\/1t5mN-bbblHQ02vpjVqOpORVDi5pAJejr\/view?usp=sharing\">DESCARGAR<\/a><\/p>\n<p>TS en Gesti\u00f3n de la Producci\u00f3n Agropecuaria<a href=\"https:\/\/drive.google.com\/file\/d\/1STxYT_Ilu6abfR6cnyf2Sb_X8_aKIOAv\/view?usp=sharing\">DESCARGAR<\/a><\/p>\n<p>TS en Comercio Internacional<a href=\"https:\/\/drive.google.com\/file\/d\/1A5Vm_fZesj83MwsQAGgEc7Si_MzU-ggj\/view?usp=sharing\">DESCARGAR<\/a><\/p>\n<p>TS en Industrializaci\u00f3n y Producci\u00f3n Frutihort\u00edcola<a href=\"https:\/\/drive.google.com\/file\/d\/1ejuoPX2Woka2L0J-8h2BX1MLuHLRMScd\/view?usp=sharing\">DESCARGAR<\/a><\/p>\n<h4>DISE\u00d1OS CURRICULRES\u00a0 FORMACI\u00d3N DOCENTE<\/h4>\n<p>Profesorado de Educaci\u00f3n Inicial-Res_402822<a href=\"https:\/\/drive.google.com\/file\/d\/1WJ0Q0Sh7whqzd5dwjI-hG4j7ChfoVWSz\/view?usp=sharing\">DESCARGAR<\/a><\/p>\n<p>Profesorado de Educaci\u00f3n Primaria-Res_5995_22<a href=\"https:\/\/drive.google.com\/file\/d\/15bdLi45SO21-FssvAbDgJ7y-XKYr99RF\/view?usp=sharing\">DESCARGAR<\/a><\/p>\n<p>Profesorado de Artes Visuales-Res_4999_22<a href=\"https:\/\/drive.google.com\/file\/d\/1cfkm3vpjAefCx9MRU41AWMN6Pp-mE5lS\/view?usp=sharing\">DESCARGAR<\/a><\/p>\n<p>Profesorado de Econom\u00eda-Res_3825_22<a href=\"https:\/\/drive.google.com\/file\/d\/14Ph1q-pxHA4Irw1uhFc6MyGqunAcvojm\/view?usp=sharing\">DESCARGAR<\/a><\/p>\n<p>Profesorado de Ingl\u00e9s-Res_4978_22<a href=\"https:\/\/drive.google.com\/file\/d\/14vEQf61HGkBlW2b2Oc85-gYRKFBRjgmv\/view?usp=sharing\">DESCARGAR<\/a><\/p>\n<p>Profesorado de Ed. Secundaria en Qu\u00edmica-Res_4337_22<a href=\"https:\/\/drive.google.com\/file\/d\/1EF3BzOyfUB7IvUMnTblP4sr240CnXXLs\/view?usp=sharing\">DESCARGAR<\/a><\/p>\n<p>Profesorado de Ed. Secundaria en Danzas Folcl\u00f3ricas-Res_1531_23<a href=\"https:\/\/drive.google.com\/file\/d\/1XeOK2YWFsA9OAcGS_AM5qZ_3bqzFlvDS\/view?usp=sharing\">DESCARGAR<\/a><\/p>\n<p>Profesorado de Educaci\u00f3n F\u00efsica-Res_1425_23<a href=\"https:\/\/drive.google.com\/file\/d\/1DX_qklpd07d2SaJ3cVqqPPeNoVKCYJqT\/view?usp=sharing\">DESCARGAR<\/a><\/p>\n<p>Profesorado de Ed. Secundaria en Lengua y Literatura-Res_3273_24<a href=\"https:\/\/drive.google.com\/file\/d\/1_gPoEBBJuv5LVRTJLEfsNNvfzQoioR6K\/view?usp=sharing\">DESCARGAR<\/a><\/p>\n<p>Profesorado de Educaci\u00f3n Tecnol\u00f3gica<a href=\"https:\/\/drive.google.com\/file\/d\/1bDtq0-42LL_8t1KAtmIVUUiT5yU4uaeB\/view?usp=sharing\">DESCARGAR<\/a><\/p>\n<p>Profesorado de Danzas con orientaci\u00f3n en Danzas Folcl\u00f3ricas<a href=\"https:\/\/drive.google.com\/file\/d\/1p35Wp3lUvHsuz463OMy_n6H4oIbdQnij\/view?usp=sharing\">DESCARGAR<\/a><\/p>\n<p>Profesorado de Educaci\u00f3n Superior en Educaci\u00f3n Especial<a href=\"https:\/\/drive.google.com\/file\/d\/1p35Wp3lUvHsuz463OMy_n6H4oIbdQnij\/view?usp=sharing\">DESCARGAR<\/a><\/p>\n<h4>POSTITULOS:\u00a0<\/h4>\n<p>Especializaci\u00f3n Docente de Nivel Superior en Educaci\u00f3n Intercultural Biling\u00fce<a href=\"https:\/\/drive.google.com\/file\/d\/1-zlzuEuRZgT39tGxO1crdsoeLz90gz-t\/view?usp=sharing\">DESCARGAR\u00a0 <\/a><strong>REVISAR<\/strong> <strong>RECTIFICATORIA RES_3755_24<\/strong><\/p>\n<p>Actualizaci\u00f3n Acad\u00e9mica en Indagaci\u00f3n Escolar en las Ciencias Sociales<a href=\"https:\/\/drive.google.com\/file\/d\/1FIeF24sfcHwQix4hdZlL4e1PzOXw7BuG\/view?usp=sharing\">DESCARGAR<\/a><\/p>\n<p>Especializaci\u00f3n en Matem\u00e1tica para el Nivel Primario<a href=\"https:\/\/drive.google.com\/file\/d\/1Mq12LUouLSQ7pgdlLsx4WKFZCA4i6ib9\/view?usp=sharing\">DESCARGAR<\/a><\/p>\n<p>Actualizaci\u00f3n Acad\u00e9mica en Ense\u00f1anza de la Gram\u00e1tica para el Nivel Secundario con foco en el Desarrollo de Capacidades<a href=\"https:\/\/drive.google.com\/file\/d\/1kz31LN2-UUpa15war5PmvNZhOQqnqLQG\/view?usp=sharing\">DESCARGAR<\/a><\/p>\n<p>Actualizaci\u00f3n Acad\u00e9mica en Ciencias Sociales con foco en Historia Regional y Local<a href=\"https:\/\/drive.google.com\/file\/d\/1UFDWjy1IiPI_OwRyxOgHm7ZY-EVtC9_P\/view?usp=sharing\">DESCARGAR<\/a><\/p>\n<p>Actualizaci\u00f3n Acad\u00e9mica en Literatura Infantil y Juvenil para el Nivel Primario<a href=\"https:\/\/drive.google.com\/file\/d\/11BUXzTKRb17rGUfGWDn_h7Bs2thvjiCM\/view?usp=sharing\">DESCARGAR<\/a><\/p>\n<p>Actualizaci\u00f3n Acad\u00e9mica en Ense\u00f1anza de las Ciencias Naturales para el Nivel Primario<a href=\"https:\/\/drive.google.com\/file\/d\/1VRcJQgIvxqVsIoMfYaGsp3zIOoG0mR0J\/view?usp=sharing\">DESCARGAR<\/a><\/p>\n<p>Actualizaci\u00f3n Acad\u00e9mica en Estrategias y Pr\u00e1cticas de Ense\u00f1anza de Estudiantes con Discapacidad<a href=\"https:\/\/drive.google.com\/file\/d\/1vTIm4DzQgbi3h2l-LlgZHE8kA6QbXOBb\/view?usp=sharing\">DESCARGAR<\/a> <strong>REVISAR<\/strong> <strong>RECTIFICATORIA RES_3755_24<\/strong><\/p>\n<p><span style=\"font-size: revert;\">Especializaci\u00f3n Docente del Nivel Superior en Educaci\u00f3n F\u00edsica y Deportes para Personas con Discapacidad<\/span><a style=\"font-size: revert;\" href=\"https:\/\/drive.google.com\/file\/d\/1AE1BI-jmPTGbMq1pBy8_K2JtRBWyOgBb\/view?usp=sharing\">DESCARGAR<\/a> <strong style=\"font-size: revert;\">REVISAR<\/strong> <strong style=\"font-size: revert;\">RECTIFICATORIA RES_3755_24<\/strong><\/p>\n<p><strong>Especializaci\u00f3n en Lectura y Escrit<\/strong>ura para el Segundo Ciclo de la Educaci\u00f3n Primaria<a href=\"https:\/\/drive.google.com\/file\/d\/1_CHeoA8tu8RoHhOEHYtX-7XAuysXYmEW\/view?usp=sharing\">DESCARGAR<\/a><\/p>\n<p>Actualizaci\u00f3n Docente en Pr\u00e1cticas para la Ense\u00f1anza y el Aprendizaje de la Matem\u00e1tica en el Nivel Secundario<a href=\"https:\/\/drive.google.com\/file\/d\/1z_hK-iOF9VBqEklZ6dLHg1I5vkUjpXHA\/view?usp=sharing\">DESCARGAR <\/a><strong>REVISAR<\/strong> <strong>RECTIFICATORIA RES_3755_24<\/strong><\/p>\n<p>Actualizaci\u00f3n Acad\u00e9mica para el Nivel Secundario: La Transversalidad de la Lectura y la Escritura en las Pr\u00e1cticas Docentes<a href=\"https:\/\/drive.google.com\/file\/d\/1016avvh8IiGVBBBV-NSyG0S-ZauHZLAn\/view?usp=sharing\">DESCARGAR<\/a> \u00a0<strong>REVISAR<\/strong> <strong>RECTIFICATORIA RES_3755_24<\/strong><\/p>\n<p>Rectificatoria de algunas denominaciones-Res_3755_24<a href=\"https:\/\/drive.google.com\/file\/d\/1K9h5uuHR-ZuRxnguffz78un-uFk_zFeY\/view?usp=sharing\">DESCARGAR<\/a><\/p>\n<h4><strong>ESTRUCTURAS CURRICULARES CARRERAS<\/strong><\/h4>\n<p>Locuci\u00f3n Integral<a href=\"https:\/\/drive.google.com\/file\/d\/1gz8UItKP-o2C0tzeBRScyZ6T7w6KDCWc\/view?usp=sharing\">DESCARGAR<\/a><\/p>\n<p>Tecnicatura Superior en Ciencia de Datos e Inteligencia Artificial<a href=\"https:\/\/drive.google.com\/file\/d\/1CtiZu3CEhByJeLwk-4XOn614UstcoP91\/view?usp=sharing\">DESCARGAR<\/a><\/p>\n<p>Tecnicatura Superior en Comercio Internacional<a href=\"https:\/\/drive.google.com\/file\/d\/185yg_oKZeVh-rin9VfnN6cvPlsRnoJuP\/view?usp=sharing\">DESCARGAR<\/a><\/p>\n<p>Tecnicatua Superior en Desarrollador de Software<a href=\"https:\/\/drive.google.com\/file\/d\/1iatahPD7u6KpgSq99qHvCjYJwGozAO4m\/view?usp=sharing\">DESCARGAR<\/a><\/p>\n<p>Tecnicatura Superior en DIse\u00f1o de Comunicaci\u00f3n Visual<a href=\"https:\/\/drive.google.com\/file\/d\/1rhnYXaYBv-f0BArBeInwSFLVTNO_6MUu\/view?usp=sharing\">DESCARGAR<\/a><\/p>\n<p>Tecnicatura Superior en Gesti\u00f3n de la Producci\u00f3n Agropecuaria<a href=\"https:\/\/drive.google.com\/file\/d\/10pGtdFLyIo2DRdfXUtdzVYF_jKT92-oO\/view?usp=sharing\">DESCARGAR<\/a><\/p>\n<p>Tecnicatura Superior en Gesti\u00f3n Integral, Negocios y Empresas<a href=\"https:\/\/drive.google.com\/file\/d\/1VqGXR3w-LP1G3GFPB3ZCxk0SNDYOszPE\/view?usp=sharing\">DESCARGAR<\/a><\/p>\n<p>Tecnicatura Superior de Musicosocial<a href=\"https:\/\/drive.google.com\/file\/d\/1I-ckbv8Rhp83K0Jidp0Fb-PKsniHCYh-\/view?usp=sharing\">DESCARGAR<\/a><\/p>\n<p>Tecnicatura Superior en Periodismo Multimedial<a href=\"https:\/\/drive.google.com\/file\/d\/1vvEtQAbW3Pe8gGLcMK4TAXIdxs6sWQtV\/view?usp=sharing\">DESCARGAR<\/a><\/p>\n<p>Tecnicatura Superior en Producci\u00f3n Forestal<a href=\"https:\/\/drive.google.com\/file\/d\/1HCR7q3MyBn8U6Lx3sNv-3D1ltgNfFIBz\/view?usp=sharing\">DESCARGAR<\/a><\/p>\n<p>Tecnicatura Superior en Soporte de Infraestructura de Tecnolog\u00eda de la Informci\u00f3n<a href=\"https:\/\/drive.google.com\/file\/d\/1n_jdZ2LFffMLUG56MtS4jQLyMwHgtrND\/view?usp=sharing\">DESCARGAR<\/a><\/p>\n<p>Tecnicatura Superior en Tecnolog\u00eda de los Alimentos<a href=\"https:\/\/drive.google.com\/file\/d\/1FooKm9IivrnhWU9qCr2ojoTML2suOxC4\/view?usp=sharing\">DESCARGAR<\/a><\/p>\n<p>TTP de Asistente en Turismo, Recreaci\u00f3n y Tiempo Libre<a href=\"https:\/\/drive.google.com\/file\/d\/1meA82KUJXdEuSMDgRo2MfYWMBhhNQScO\/view?usp=sharing\">DESCARGAR<\/a><\/p>\n<p>TTP de Asistente en Producci\u00f3n Caprina<a href=\"https:\/\/drive.google.com\/file\/d\/10-e3bUf0wDeMkYoqHHfezXVDZjezC6LO\/view?usp=sharing\">DESCARGAR<\/a><\/p>\n<p>TTP en Dise\u00f1o de Muebles de Madera<a href=\"https:\/\/drive.google.com\/file\/d\/16IOqKyKTIIZW4AtYwpMa3iAaxanGUAKD\/view?usp=sharing\">DESCARGAR<\/a><\/p>\n<p>TTP en Producci\u00f3n Vegetal Intensiva<a href=\"https:\/\/drive.google.com\/file\/d\/1hC_s8eHBj8DkEdgbe-lqgnvjr0cTSH7n\/view?usp=sharing\">DESCARGAR<\/a><\/p>\n<p>TTP en Streaming<a href=\"https:\/\/drive.google.com\/file\/d\/1qeGlSqw5n51LMwu3FKZwtmWw6CDxDp-k\/view?usp=sharing\">DESCARGAR<\/a><\/p>\n<p>TTP Inicial Auxiliar en Inteligencia Artificial<a href=\"https:\/\/drive.google.com\/file\/d\/1GqoEP7QNK7Zd_HwFUgPPgqQTnAiCo4eb\/view?usp=sharing\">DESCARGAR<\/a><\/p>\n<p>TTO Inicial en Asistente en Estrategias de Presentaci\u00f3n, Embalaje y Comercializaci\u00f3n<a href=\"https:\/\/drive.google.com\/file\/d\/1VpPaS1JuepoVKY6ArqiX0Hm8tdelFXjE\/view?usp=sharing\">DESCARGAR<\/a><\/p>\n<p>TTP Inicial en Asistente en Producci\u00f3n Av\u00edcola<a href=\"https:\/\/drive.google.com\/file\/d\/1FqkpDGbtgH6V9zO0vKw93Rz_tqeSp0fZ\/view?usp=sharing\">DESCARGAR<\/a><\/p>\n<p>TTP en CUltivos Extensivos: Forraje<a href=\"https:\/\/drive.google.com\/file\/d\/1mR4qlC4-ApTdOi3-TX1X5-wt7LS5Frzc\/view?usp=sharing\">DESCARGAR<\/a><\/p>\n<p>TTP Inicial en Apicultor<a href=\"https:\/\/drive.google.com\/file\/d\/14TqbVPYCLlxEqBPNf5tsGYTEYoL_wGN1\/view?usp=sharing\">DESCARGAR<\/a><\/p>\n<p>TTP Inicial en Guardavidas<a href=\"https:\/\/drive.google.com\/file\/d\/1prSj5MchYQ9VNohnIdLXrzOvCPvutJci\/view?usp=sharing\">DESCARGAR<\/a><\/p>\n<p>TTP Inicial en Asistencia Administrativa<a href=\"https:\/\/drive.google.com\/file\/d\/1CnUdmSNMgVrDiiRL4IW1T-MK6IlgCy4w\/view?usp=sharing\">DESCARGAR<\/a><\/p>\n\n\n<p><\/p>\n","protected":false},"excerpt":{"rendered":"<p>\u00a0 \u00a0 DISE\u00d1OS CURRICULARES &#8211; TRAYECTOS T\u00c9CNICOS PROFESIONALES TTP de Asistente en Producci\u00f3n CaprinaDESCARGAR TTP Inicial-Asistente en Producci\u00f3n Av\u00edcolaDESCARGAR TTP Inicial en ApicultorDESCARGAR TTP en Cultivos Extensivos: ForrajeDESCARGAR TTPI en Asistencia AdministrativaDESCARGAR TTP en STREAMINGDESCARGAR TTPI Auxiliar en Inteligencia ArtificialDESCARGAR TTP de Asistente en Turismo, Recreaci\u00f3n y Tiempo LibreDESCARGAR TTP de asistente en Dise\u00f1o de &#8230; <a title=\"Dise\u00f1os Curriculares\" class=\"read-more\" href=\"https:\/\/des-for.infd.edu.ar\/sitio\/disenos-curriculares\/\" aria-label=\"More on Dise\u00f1os Curriculares\">[+]<\/a><\/p>\n","protected":false},"author":1177,"featured_media":0,"parent":0,"menu_order":0,"comment_status":"closed","ping_status":"closed","template":"","meta":[],"acf":[],"_links":{"self":[{"href":"https:\/\/des-for.infd.edu.ar\/sitio\/wp-json\/wp\/v2\/pages\/1404"}],"collection":[{"href":"https:\/\/des-for.infd.edu.ar\/sitio\/wp-json\/wp\/v2\/pages"}],"about":[{"href":"https:\/\/des-for.infd.edu.ar\/sitio\/wp-json\/wp\/v2\/types\/page"}],"author":[{"embeddable":true,"href":"https:\/\/des-for.infd.edu.ar\/sitio\/wp-json\/wp\/v2\/users\/1177"}],"replies":[{"embeddable":true,"href":"https:\/\/des-for.infd.edu.ar\/sitio\/wp-json\/wp\/v2\/comments?post=1404"}],"version-history":[{"count":70,"href":"https:\/\/des-for.infd.edu.ar\/sitio\/wp-json\/wp\/v2\/pages\/1404\/revisions"}],"predecessor-version":[{"id":4026,"href":"https:\/\/des-for.infd.edu.ar\/sitio\/wp-json\/wp\/v2\/pages\/1404\/revisions\/4026"}],"wp:attachment":[{"href":"https:\/\/des-for.infd.edu.ar\/sitio\/wp-json\/wp\/v2\/media?parent=1404"}],"curies":[{"name":"wp","href":"https:\/\/api.w.org\/{rel}","templated":true}]}}